{"id":52,"date":"2024-02-21T11:01:19","date_gmt":"2024-02-21T11:01:19","guid":{"rendered":"https:\/\/mindfulness.erasmus.site\/?page_id=52"},"modified":"2024-06-11T17:10:55","modified_gmt":"2024-06-11T17:10:55","slug":"partnership","status":"publish","type":"page","link":"https:\/\/mindfulness.erasmus.site\/et\/partnership\/","title":{"rendered":"Partnerlus"},"content":{"rendered":"\t\t<div data-elementor-type=\"wp-page\" data-elementor-id=\"52\" class=\"elementor elementor-52\">\n\t\t\t\t<div class=\"elementor-element elementor-element-f07f72b e-flex e-con-boxed e-con e-parent\" data-id=\"f07f72b\" data-element_type=\"container\" data-e-type=\"container\">\n\t\t\t\t\t<div class=\"e-con-inner\">\n\t\t\t\t<div class=\"elementor-element elementor-element-4794403 elementor-widget elementor-widget-text-editor\" data-id=\"4794403\" data-element_type=\"widget\" data-e-type=\"widget\" data-widget_type=\"text-editor.default\">\n\t\t\t\t<div class=\"elementor-widget-container\">\n\t\t\t\t\t\t\t\t\t<p>Me oleme 6 partnerit 6 ELi riigist! <\/p>\t\t\t\t\t\t\t\t<\/div>\n\t\t\t\t<\/div>\n\t\t\t\t\t<\/div>\n\t\t\t\t<\/div>\n\t\t<div class=\"elementor-element elementor-element-67dfc9f e-flex e-con-boxed e-con e-parent\" data-id=\"67dfc9f\" data-element_type=\"container\" data-e-type=\"container\">\n\t\t\t\t\t<div class=\"e-con-inner\">\n\t\t\t\t<div class=\"elementor-element elementor-element-182241e elementor-widget elementor-widget-image\" data-id=\"182241e\" data-element_type=\"widget\" data-e-type=\"widget\" data-widget_type=\"image.default\">\n\t\t\t\t<div class=\"elementor-widget-container\">\n\t\t\t\t\t\t\t\t\t\t\t\t\t\t\t<img fetchpriority=\"high\" decoding=\"async\" width=\"1024\" height=\"308\" src=\"https:\/\/mindfulness.erasmus.site\/wp-content\/uploads\/2024\/02\/logo_artemisszio_black-1-1024x308.webp\" class=\"attachment-large size-large wp-image-11\" alt=\"\" srcset=\"https:\/\/mindfulness.erasmus.site\/wp-content\/uploads\/2024\/02\/logo_artemisszio_black-1-1024x308.webp 1024w, https:\/\/mindfulness.erasmus.site\/wp-content\/uploads\/2024\/02\/logo_artemisszio_black-1-300x90.webp 300w, https:\/\/mindfulness.erasmus.site\/wp-content\/uploads\/2024\/02\/logo_artemisszio_black-1-768x231.webp 768w, https:\/\/mindfulness.erasmus.site\/wp-content\/uploads\/2024\/02\/logo_artemisszio_black-1-1536x462.webp 1536w, https:\/\/mindfulness.erasmus.site\/wp-content\/uploads\/2024\/02\/logo_artemisszio_black-1-2048x616.webp 2048w\" sizes=\"(max-width: 1024px) 100vw, 1024px\" \/>\t\t\t\t\t\t\t\t\t\t\t\t\t\t\t<\/div>\n\t\t\t\t<\/div>\n\t\t\t\t<div class=\"elementor-element elementor-element-fd21bb0 elementor-widget elementor-widget-heading\" data-id=\"fd21bb0\" data-element_type=\"widget\" data-e-type=\"widget\" data-widget_type=\"heading.default\">\n\t\t\t\t<div class=\"elementor-widget-container\">\n\t\t\t\t\t<h5 class=\"elementor-heading-title elementor-size-default\">Projekti koordinaator<\/h5>\t\t\t\t<\/div>\n\t\t\t\t<\/div>\n\t\t\t\t<div class=\"elementor-element elementor-element-50abd14 elementor-widget elementor-widget-text-editor\" data-id=\"50abd14\" data-element_type=\"widget\" data-e-type=\"widget\" data-widget_type=\"text-editor.default\">\n\t\t\t\t<div class=\"elementor-widget-container\">\n\t\t\t\t\t\t\t\t\t<p><strong>ARTEMISSZI\u00d3 ALAP\u00cdTV\u00c1NY \u2013 Ungari | <a href=\"https:\/\/artemisszio.hu\/\">artemisszio.hu<\/a><\/strong><\/p>\t\t\t\t\t\t\t\t<\/div>\n\t\t\t\t<\/div>\n\t\t\t\t<div class=\"elementor-element elementor-element-e7fe311 elementor-widget elementor-widget-text-editor\" data-id=\"e7fe311\" data-element_type=\"widget\" data-e-type=\"widget\" data-widget_type=\"text-editor.default\">\n\t\t\t\t<div class=\"elementor-widget-container\">\n\t\t\t\t\t\t\t\t\t<p>Artemisszi\u00f3 asutati 1998. aastal heategevusliku sihtasutusena, mis asub Ungaris, Budapestis. Me usume avatud ja sallivasse \u00fchiskonda, kus ebasoodsas olukorras olevatele inimestele antakse v\u00f5imalused ja v\u00e4\u00e4rtustatakse kultuuridevahelist suhtlemist. Me teame, et praeguses globaliseerunud maailmas on v\u00e4ga erinevate \u00fchiskondade m\u00f5istmine vajalik oskus. See on tee edasi.<\/p><p>T\u00f6\u00f6tame nende eesm\u00e4rkide nimel nii kodumaal kui ka v\u00e4lismaal. Artemisszio toetab sotsiaalselt ja kultuuriliselt ebasoodsas olukorras olevate r\u00fchmade sotsiaalset integratsiooni, arendades ja viies l\u00e4bi kultuuridevahelisi koolitusi, luues \u00f5ppematerjale ja -meetodeid, mille eesm\u00e4rk on arendada kriitilist m\u00f5tlemist ja v\u00f5imestamist. Pakub koolitusi sotsiaalvaldkonna spetsialistidele: sotsiaalt\u00f6\u00f6tajatele, \u00f5petajatele, tervishoiut\u00f6\u00f6tajatele ja noorsoot\u00f6\u00f6tajatele. Kasutame sageli kunstilisi ja loomingulisi meetodeid, et kaasata oma publikut, n\u00e4iteks foorumteatrit, kujutavat kunsti ja loomingulist linnak\u00e4iku. T\u00f6\u00f6tame \u00fcha enam osalusraamistikus, nagu osalusuuringud ja \u00fchislooming.<\/p><p>Artemisszio kultuuridevaheline kogukond &#8220;Mira&#8221; pakub kohtumispaika kolmandate riikide kodanike, sealhulgas sisser\u00e4ndajate, pagulaste ja kultuuridevahelistest kogemustest huvitatud ungarlaste vahel. Mira majas toimuvad mitmesugused programmid, sealhulgas ungari keele kursused, mentorlus\u00fcritused, programmid, mis toetavad uustulnukate orienteerumist riigis ja kogukonnatunnet k\u00f5igile. Meil on tugevad sidemed m\u00f5nede keskkoolide ja \u00fclikoolide osakondadega, mille oleme arendanud oma sotsiaalse tundlikkuse ja sotsiaalse kaasamisega seotud projektide kaudu.<\/p><p>Veebileht: <a href=\"https:\/\/artemisszio.hu\/\">https:\/\/artemisszio.hu\/<\/a>\u00a0 <\/p>\t\t\t\t\t\t\t\t<\/div>\n\t\t\t\t<\/div>\n\t\t\t\t<div class=\"elementor-element elementor-element-ddbf63e elementor-widget-divider--view-line elementor-widget elementor-widget-divider\" data-id=\"ddbf63e\" data-element_type=\"widget\" data-e-type=\"widget\" data-widget_type=\"divider.default\">\n\t\t\t\t<div class=\"elementor-widget-container\">\n\t\t\t\t\t\t\t<div class=\"elementor-divider\">\n\t\t\t<span class=\"elementor-divider-separator\">\n\t\t\t\t\t\t<\/span>\n\t\t<\/div>\n\t\t\t\t\t\t<\/div>\n\t\t\t\t<\/div>\n\t\t\t\t\t<\/div>\n\t\t\t\t<\/div>\n\t\t<div class=\"elementor-element elementor-element-9896fca e-flex e-con-boxed e-con e-parent\" data-id=\"9896fca\" data-element_type=\"container\" data-e-type=\"container\">\n\t\t\t\t\t<div class=\"e-con-inner\">\n\t\t\t\t<div class=\"elementor-element elementor-element-d0138ea elementor-widget elementor-widget-image\" data-id=\"d0138ea\" data-element_type=\"widget\" data-e-type=\"widget\" data-widget_type=\"image.default\">\n\t\t\t\t<div class=\"elementor-widget-container\">\n\t\t\t\t\t\t\t\t\t\t\t\t\t\t\t<img decoding=\"async\" width=\"1024\" height=\"325\" src=\"https:\/\/mindfulness.erasmus.site\/wp-content\/uploads\/2024\/02\/CWEP_logo-large-1024x325.webp\" class=\"attachment-large size-large wp-image-19\" alt=\"\" srcset=\"https:\/\/mindfulness.erasmus.site\/wp-content\/uploads\/2024\/02\/CWEP_logo-large-1024x325.webp 1024w, https:\/\/mindfulness.erasmus.site\/wp-content\/uploads\/2024\/02\/CWEP_logo-large-300x95.webp 300w, https:\/\/mindfulness.erasmus.site\/wp-content\/uploads\/2024\/02\/CWEP_logo-large-768x244.webp 768w, https:\/\/mindfulness.erasmus.site\/wp-content\/uploads\/2024\/02\/CWEP_logo-large.webp 1410w\" sizes=\"(max-width: 1024px) 100vw, 1024px\" \/>\t\t\t\t\t\t\t\t\t\t\t\t\t\t\t<\/div>\n\t\t\t\t<\/div>\n\t\t\t\t<div class=\"elementor-element elementor-element-8fff4bc elementor-widget elementor-widget-text-editor\" data-id=\"8fff4bc\" data-element_type=\"widget\" data-e-type=\"widget\" data-widget_type=\"text-editor.default\">\n\t\t\t\t<div class=\"elementor-widget-container\">\n\t\t\t\t\t\t\t\t\t<p><strong>STOWARZYSZENIE CENTRUM WSPIERANIA EDUKACJI I PRZEDSI\u0118BIORCZO\u015aCI &#8211; Poola | <a href=\"https:\/\/cwep.eu\/\">cwep.eu<\/a><\/strong><\/p>\t\t\t\t\t\t\t\t<\/div>\n\t\t\t\t<\/div>\n\t\t\t\t<div class=\"elementor-element elementor-element-08c370f elementor-widget elementor-widget-text-editor\" data-id=\"08c370f\" data-element_type=\"widget\" data-e-type=\"widget\" data-widget_type=\"text-editor.default\">\n\t\t\t\t<div class=\"elementor-widget-container\">\n\t\t\t\t\t\t\t\t\t<p><\/p><p>Hariduse ja ettev\u00f5tluse toetamise keskus (CWEP) on valitsusv\u00e4line organisatsioon, mille asutas 2004. aastal r\u00fchm Rzesz\u00f3wi (Poola) ettev\u00f5tjaid, \u00f5petajaid ja sotsiaalseid aktiviste. CWEP teeb koost\u00f6\u00f6d ettev\u00f5tete ja haridusasutustega. CWEPi missiooniks on t\u00f5sta hariduskoolituse kvaliteeti k\u00f5ikidel tasanditel ja k\u00f5igis selle vormides ning edendada ettev\u00f5tlust, et soodustada mis tahes sotsiaalsete r\u00fchmade integreerimist, s\u00f5ltumata nende soost, vanusest v\u00f5i etnilisest p\u00e4ritolust. Eelk\u00f5ige on eesm\u00e4rk parandada k\u00f5igi inimeste hariduse k\u00e4ttesaadavust, kvaliteeti ja t\u00f5husust, edendada ja toetada t\u00e4iskasvanuharidust, elukestvat \u00f5pet, e-\u00f5pet ning uute tehnoloogiate kasutamist hariduses ja ettev\u00f5tluses. Assotsiatsioon teeb koost\u00f6\u00f6d paljude Euroopa partneritega, et tugevdada ettev\u00f5tete majanduslikku positsiooni, ning pakub ettev\u00f5tetele on-line-platvorme.<\/p><p>Veebileht: <a href=\"https:\/\/cwep.eu\/\">https:\/\/cwep.eu\/<\/a>\u00a0 <\/p>\t\t\t\t\t\t\t\t<\/div>\n\t\t\t\t<\/div>\n\t\t\t\t<div class=\"elementor-element elementor-element-fea138a elementor-widget-divider--view-line elementor-widget elementor-widget-divider\" data-id=\"fea138a\" data-element_type=\"widget\" data-e-type=\"widget\" data-widget_type=\"divider.default\">\n\t\t\t\t<div class=\"elementor-widget-container\">\n\t\t\t\t\t\t\t<div class=\"elementor-divider\">\n\t\t\t<span class=\"elementor-divider-separator\">\n\t\t\t\t\t\t<\/span>\n\t\t<\/div>\n\t\t\t\t\t\t<\/div>\n\t\t\t\t<\/div>\n\t\t\t\t\t<\/div>\n\t\t\t\t<\/div>\n\t\t<div class=\"elementor-element elementor-element-41c3e9f e-flex e-con-boxed e-con e-parent\" data-id=\"41c3e9f\" data-element_type=\"container\" data-e-type=\"container\">\n\t\t\t\t\t<div class=\"e-con-inner\">\n\t\t\t\t<div class=\"elementor-element elementor-element-48d14db elementor-widget elementor-widget-image\" data-id=\"48d14db\" data-element_type=\"widget\" data-e-type=\"widget\" data-widget_type=\"image.default\">\n\t\t\t\t<div class=\"elementor-widget-container\">\n\t\t\t\t\t\t\t\t\t\t\t\t\t\t\t<img decoding=\"async\" width=\"945\" height=\"264\" src=\"https:\/\/mindfulness.erasmus.site\/wp-content\/uploads\/2024\/02\/kainotomia-removebg-preview.webp\" class=\"attachment-large size-large wp-image-28\" alt=\"\" srcset=\"https:\/\/mindfulness.erasmus.site\/wp-content\/uploads\/2024\/02\/kainotomia-removebg-preview.webp 945w, https:\/\/mindfulness.erasmus.site\/wp-content\/uploads\/2024\/02\/kainotomia-removebg-preview-300x84.webp 300w, https:\/\/mindfulness.erasmus.site\/wp-content\/uploads\/2024\/02\/kainotomia-removebg-preview-768x215.webp 768w\" sizes=\"(max-width: 945px) 100vw, 945px\" \/>\t\t\t\t\t\t\t\t\t\t\t\t\t\t\t<\/div>\n\t\t\t\t<\/div>\n\t\t\t\t<div class=\"elementor-element elementor-element-d8125e2 elementor-widget elementor-widget-text-editor\" data-id=\"d8125e2\" data-element_type=\"widget\" data-e-type=\"widget\" data-widget_type=\"text-editor.default\">\n\t\t\t\t<div class=\"elementor-widget-container\">\n\t\t\t\t\t\t\t\t\t<p><strong>KAINOTOMIA &amp; SIA EE &#8211; Kreeka | <a href=\"https:\/\/kainotomia.com.gr\/\">kainotomia.com.gr<\/a><\/strong><\/p>\t\t\t\t\t\t\t\t<\/div>\n\t\t\t\t<\/div>\n\t\t\t\t<div class=\"elementor-element elementor-element-6b55f2f elementor-widget elementor-widget-text-editor\" data-id=\"6b55f2f\" data-element_type=\"widget\" data-e-type=\"widget\" data-widget_type=\"text-editor.default\">\n\t\t\t\t<div class=\"elementor-widget-container\">\n\t\t\t\t\t\t\t\t\t<p>&#8220;KAINOTOMIA&#8221; on elukestva \u00f5ppe keskus (K.D.V.M) Kreekas, mis tegutseb kutsehariduse ja -koolituse valdkonnas. KAINOTOMIA on rakendanud rohkem kui 60 kutsealase t\u00e4iendkoolituse programmi t\u00f6\u00f6tutele, k\u00f5igi haridustasemete \u00f5petajatele, k\u00f5rghariduse \u00fcli\u00f5pilastele, t\u00f6\u00f6tajatele \/ f\u00fc\u00fcsilisest isikust ettev\u00f5tjatele ja haavatavatele sotsiaalsetele r\u00fchmadele, et arendada kutsealaseid v\u00f5imalusi ning edendada ja integreerida neid t\u00f6\u00f6turule ja \u00fchiskonda \u00fcldiselt, kasutades selleks uuenduslikke programme. &#8220;KAINOTOMIA&#8221; pakub konsultatsiooniteenuseid ettev\u00f5tetele ning toetus- ja n\u00f5ustamisteenuseid praktikantidele, et h\u00f5lbustada nende (taas)sisenemist t\u00f6\u00f6turule. &#8220;KAINOTOMIA&#8221; on osalenud mitmes riiklikus projektis, pakkudes k\u00f5rgetasemelist oskusteavet kaasaegsete valdkondade koolitamisel, kombineerides neid t\u00f6\u00f6turul v\u00e4ga n\u00f5utavate valdkondadega, et arendada praktikantide teadmisi, oskusi ja hoiakuid nende t\u00f6\u00f6turule integreerimiseks. Lisaks osaleb &#8220;KAINOTOMIA&#8221; kaasrahastatud riiklikes programmides, mida nimetatakse &#8220;kohalikeks arengu- ja ettev\u00f5tlusprojektideks t\u00f6\u00f6tutele, mis p\u00f5hinevad konkreetsetel kohalikel vajadustel ja arengupotentsiaalil.<\/p><p>Veebileht: <a href=\"https:\/\/kainotomia.com.gr\/\">https:\/\/kainotomia.com.gr\/<\/a>\u00a0 <\/p>\t\t\t\t\t\t\t\t<\/div>\n\t\t\t\t<\/div>\n\t\t\t\t<div class=\"elementor-element elementor-element-bf066a5 elementor-widget-divider--view-line elementor-widget elementor-widget-divider\" data-id=\"bf066a5\" data-element_type=\"widget\" data-e-type=\"widget\" data-widget_type=\"divider.default\">\n\t\t\t\t<div class=\"elementor-widget-container\">\n\t\t\t\t\t\t\t<div class=\"elementor-divider\">\n\t\t\t<span class=\"elementor-divider-separator\">\n\t\t\t\t\t\t<\/span>\n\t\t<\/div>\n\t\t\t\t\t\t<\/div>\n\t\t\t\t<\/div>\n\t\t\t\t\t<\/div>\n\t\t\t\t<\/div>\n\t\t<div class=\"elementor-element elementor-element-0417076 e-flex e-con-boxed e-con e-parent\" data-id=\"0417076\" data-element_type=\"container\" data-e-type=\"container\">\n\t\t\t\t\t<div class=\"e-con-inner\">\n\t\t\t\t<div class=\"elementor-element elementor-element-017a7ec elementor-widget elementor-widget-image\" data-id=\"017a7ec\" data-element_type=\"widget\" data-e-type=\"widget\" data-widget_type=\"image.default\">\n\t\t\t\t<div class=\"elementor-widget-container\">\n\t\t\t\t\t\t\t\t\t\t\t\t\t\t\t<img loading=\"lazy\" decoding=\"async\" width=\"1024\" height=\"417\" src=\"https:\/\/mindfulness.erasmus.site\/wp-content\/uploads\/2024\/02\/IRMI2-1024x417.webp\" class=\"attachment-large size-large wp-image-21\" alt=\"\" srcset=\"https:\/\/mindfulness.erasmus.site\/wp-content\/uploads\/2024\/02\/IRMI2-1024x417.webp 1024w, https:\/\/mindfulness.erasmus.site\/wp-content\/uploads\/2024\/02\/IRMI2-300x122.webp 300w, https:\/\/mindfulness.erasmus.site\/wp-content\/uploads\/2024\/02\/IRMI2-768x313.webp 768w, https:\/\/mindfulness.erasmus.site\/wp-content\/uploads\/2024\/02\/IRMI2-1536x625.webp 1536w, https:\/\/mindfulness.erasmus.site\/wp-content\/uploads\/2024\/02\/IRMI2-2048x834.webp 2048w\" sizes=\"(max-width: 1024px) 100vw, 1024px\" \/>\t\t\t\t\t\t\t\t\t\t\t\t\t\t\t<\/div>\n\t\t\t\t<\/div>\n\t\t\t\t<div class=\"elementor-element elementor-element-327898b elementor-widget elementor-widget-text-editor\" data-id=\"327898b\" data-element_type=\"widget\" data-e-type=\"widget\" data-widget_type=\"text-editor.default\">\n\t\t\t\t<div class=\"elementor-widget-container\">\n\t\t\t\t\t\t\t\t\t<p><strong>INSTITUT FUR ROMA UND MINDERHEITEN EV &#8211; Saksamaa  | <\/strong><a href=\"https:\/\/irm-inclusion.eu\/\"><strong>irm-inclusion<\/strong><\/a><\/p>\t\t\t\t\t\t\t\t<\/div>\n\t\t\t\t<\/div>\n\t\t\t\t<div class=\"elementor-element elementor-element-4be00cd elementor-widget elementor-widget-text-editor\" data-id=\"4be00cd\" data-element_type=\"widget\" data-e-type=\"widget\" data-widget_type=\"text-editor.default\">\n\t\t\t\t<div class=\"elementor-widget-container\">\n\t\t\t\t\t\t\t\t\t<p>Romade ja v\u00e4hemuste kaasamise instituut p\u00fc\u00fcab saavutada \u00fchiskonda, kus sihtr\u00fchmadel (romad, sisser\u00e4ndajad, pagulased ja v\u00e4hemate v\u00f5imalustega inimesed) on v\u00f5rdne juurdep\u00e4\u00e4s v\u00f5imalustele s\u00f5ltumata nende etnilisest p\u00e4ritolust, neil on oma kogukonnas ja \u00fchiskonnas s\u00f5na\u00f5igus ja nende vajadustega tegelevad institutsioonid, mis m\u00f5jutavad otseselt nende igap\u00e4evaelu. Meie missiooni kaudu p\u00fc\u00fcame tagada j\u00e4tkusuutliku kogukonna arengu, luues v\u00f5imalused kodaniku\u00fchiskonna kvaliteetseks kaasamiseks, edendades \u00f5ppimisv\u00f5imalusi ja sihtr\u00fchmade kui v\u00e4hemate v\u00f5imalustega inimeste aktiivset kaasamist.<\/p><p>Veebileht: <a href=\"https:\/\/irm-inclusion.eu\/\">https:\/\/irm-inclusion.eu\/<\/a>\u00a0 <\/p>\t\t\t\t\t\t\t\t<\/div>\n\t\t\t\t<\/div>\n\t\t\t\t<div class=\"elementor-element elementor-element-f760c28 elementor-widget-divider--view-line elementor-widget elementor-widget-divider\" data-id=\"f760c28\" data-element_type=\"widget\" data-e-type=\"widget\" data-widget_type=\"divider.default\">\n\t\t\t\t<div class=\"elementor-widget-container\">\n\t\t\t\t\t\t\t<div class=\"elementor-divider\">\n\t\t\t<span class=\"elementor-divider-separator\">\n\t\t\t\t\t\t<\/span>\n\t\t<\/div>\n\t\t\t\t\t\t<\/div>\n\t\t\t\t<\/div>\n\t\t\t\t\t<\/div>\n\t\t\t\t<\/div>\n\t\t<div class=\"elementor-element elementor-element-140bc6c e-flex e-con-boxed e-con e-parent\" data-id=\"140bc6c\" data-element_type=\"container\" data-e-type=\"container\">\n\t\t\t\t\t<div class=\"e-con-inner\">\n\t\t\t\t<div class=\"elementor-element elementor-element-965b5c1 elementor-widget elementor-widget-image\" data-id=\"965b5c1\" data-element_type=\"widget\" data-e-type=\"widget\" data-widget_type=\"image.default\">\n\t\t\t\t<div class=\"elementor-widget-container\">\n\t\t\t\t\t\t\t\t\t\t\t\t\t\t\t<img loading=\"lazy\" decoding=\"async\" width=\"1024\" height=\"614\" src=\"https:\/\/mindfulness.erasmus.site\/wp-content\/uploads\/2024\/02\/base_logo_transparent_background-1024x614.webp\" class=\"attachment-large size-large wp-image-17\" alt=\"\" srcset=\"https:\/\/mindfulness.erasmus.site\/wp-content\/uploads\/2024\/02\/base_logo_transparent_background-1024x614.webp 1024w, https:\/\/mindfulness.erasmus.site\/wp-content\/uploads\/2024\/02\/base_logo_transparent_background-300x180.webp 300w, https:\/\/mindfulness.erasmus.site\/wp-content\/uploads\/2024\/02\/base_logo_transparent_background-768x461.webp 768w, https:\/\/mindfulness.erasmus.site\/wp-content\/uploads\/2024\/02\/base_logo_transparent_background-1536x922.webp 1536w, https:\/\/mindfulness.erasmus.site\/wp-content\/uploads\/2024\/02\/base_logo_transparent_background-2048x1229.webp 2048w\" sizes=\"(max-width: 1024px) 100vw, 1024px\" \/>\t\t\t\t\t\t\t\t\t\t\t\t\t\t\t<\/div>\n\t\t\t\t<\/div>\n\t\t\t\t<div class=\"elementor-element elementor-element-a11d05c elementor-widget elementor-widget-text-editor\" data-id=\"a11d05c\" data-element_type=\"widget\" data-e-type=\"widget\" data-widget_type=\"text-editor.default\">\n\t\t\t\t<div class=\"elementor-widget-container\">\n\t\t\t\t\t\t\t\t\t<p><strong>Cuiablue O\u00dc \u2013 Eesti | <a href=\"https:\/\/cuiablue.ee\">cuiablue.ee<\/a><\/strong><\/p>\t\t\t\t\t\t\t\t<\/div>\n\t\t\t\t<\/div>\n\t\t\t\t<div class=\"elementor-element elementor-element-46701c1 elementor-widget elementor-widget-text-editor\" data-id=\"46701c1\" data-element_type=\"widget\" data-e-type=\"widget\" data-widget_type=\"text-editor.default\">\n\t\t\t\t<div class=\"elementor-widget-container\">\n\t\t\t\t\t\t\t\t\t<p>Cuiablue O\u00dc on sotsiaalne ettev\u00f5te, mis edendab positiivseid sotsiaalseid ja keskkonnaalaseid muutusi loovate hariduslahenduste kaudu, mis on suunatud individuaalsele mitteformaalsele \u00f5ppele ja kutse\u00f5ppele. Cuiablue O\u00dc on spetsialiseerunud uuenduslike vahendite v\u00e4ljat\u00f6\u00f6tamisele, et toetada \u00f5ppimisliikumisi, t\u00f6\u00f6tades koos inimr\u00fchmadega, et edendada nende \u00fchiseid keskkonna-, sotsiaalseid v\u00f5i kultuurilisi ideid, arendades samal ajal nende oskusi ja teadmisi.<\/p><p>Veebileht: <a href=\"https:\/\/cuiablue.ee\">https:\/\/cuiablue.ee<\/a>\u00a0 <\/p>\t\t\t\t\t\t\t\t<\/div>\n\t\t\t\t<\/div>\n\t\t\t\t<div class=\"elementor-element elementor-element-1422c6e elementor-widget-divider--view-line elementor-widget elementor-widget-divider\" data-id=\"1422c6e\" data-element_type=\"widget\" data-e-type=\"widget\" data-widget_type=\"divider.default\">\n\t\t\t\t<div class=\"elementor-widget-container\">\n\t\t\t\t\t\t\t<div class=\"elementor-divider\">\n\t\t\t<span class=\"elementor-divider-separator\">\n\t\t\t\t\t\t<\/span>\n\t\t<\/div>\n\t\t\t\t\t\t<\/div>\n\t\t\t\t<\/div>\n\t\t\t\t\t<\/div>\n\t\t\t\t<\/div>\n\t\t<div class=\"elementor-element elementor-element-17704e4 e-flex e-con-boxed e-con e-parent\" data-id=\"17704e4\" data-element_type=\"container\" data-e-type=\"container\">\n\t\t\t\t\t<div class=\"e-con-inner\">\n\t\t\t\t<div class=\"elementor-element elementor-element-bfc60a4 elementor-widget elementor-widget-image\" data-id=\"bfc60a4\" data-element_type=\"widget\" data-e-type=\"widget\" data-widget_type=\"image.default\">\n\t\t\t\t<div class=\"elementor-widget-container\">\n\t\t\t\t\t\t\t\t\t\t\t\t\t\t\t<img loading=\"lazy\" decoding=\"async\" width=\"240\" height=\"240\" src=\"https:\/\/mindfulness.erasmus.site\/wp-content\/uploads\/2024\/02\/NDF-LOGO.webp\" class=\"attachment-large size-large wp-image-30\" alt=\"\" srcset=\"https:\/\/mindfulness.erasmus.site\/wp-content\/uploads\/2024\/02\/NDF-LOGO.webp 240w, https:\/\/mindfulness.erasmus.site\/wp-content\/uploads\/2024\/02\/NDF-LOGO-150x150.webp 150w\" sizes=\"(max-width: 240px) 100vw, 240px\" \/>\t\t\t\t\t\t\t\t\t\t\t\t\t\t\t<\/div>\n\t\t\t\t<\/div>\n\t\t\t\t<div class=\"elementor-element elementor-element-03a748a elementor-widget elementor-widget-text-editor\" data-id=\"03a748a\" data-element_type=\"widget\" data-e-type=\"widget\" data-widget_type=\"text-editor.default\">\n\t\t\t\t<div class=\"elementor-widget-container\">\n\t\t\t\t\t\t\t\t\t<p><strong>NORDIC DIASPORA FORUM \u2013 Rootsi  | <\/strong><a href=\"https:\/\/nordicdiasporaforum.eu\/\"><strong>nordicdiasporaforum.eu<\/strong><\/a><\/p>\t\t\t\t\t\t\t\t<\/div>\n\t\t\t\t<\/div>\n\t\t\t\t<div class=\"elementor-element elementor-element-64f5ac0 elementor-widget elementor-widget-text-editor\" data-id=\"64f5ac0\" data-element_type=\"widget\" data-e-type=\"widget\" data-widget_type=\"text-editor.default\">\n\t\t\t\t<div class=\"elementor-widget-container\">\n\t\t\t\t\t\t\t\t\t<p>P\u00f5hjamaade diasporafoorum on Rootsis asuv valitsusv\u00e4line organisatsioon, mis tegeleb esirinnas sisser\u00e4nnet puudutavate kriitiliste k\u00fcsimustega, keskendudes eelk\u00f5ige noorte sisser\u00e4ndajate sotsiaalsele kaasamisele ja integratsioonile. Meie algatuste eesm\u00e4rk on soodustada sisser\u00e4ndega seotud keerulistes olukordades navigeerivate noorte vaimset heaolu toetavat keskkonda. Teadusuuringute, propageerimise ja praktiliste programmide kaudu p\u00fc\u00fcame suurendada teadlikkust, pakkuda ressursse ja luua kaasavaid ruume, mis edendavad sisser\u00e4ndajatest noorte positiivseid tulemusi. Tutvu meie p\u00fchendumusega sellele eesm\u00e4rgile osana meie laiemast missioonist sotsiaalse innovatsiooni, kaasamise ja integratsiooni valdkonnas.<\/p><p>Veebileht: <a href=\"https:\/\/nordicdiasporaforum.eu\/\">https:\/\/nordicdiasporaforum.eu\/<\/a>\u00a0 <\/p>\t\t\t\t\t\t\t\t<\/div>\n\t\t\t\t<\/div>\n\t\t\t\t<div class=\"elementor-element elementor-element-e765dd3 elementor-widget elementor-widget-spacer\" data-id=\"e765dd3\" data-element_type=\"widget\" data-e-type=\"widget\" data-widget_type=\"spacer.default\">\n\t\t\t\t<div class=\"elementor-widget-container\">\n\t\t\t\t\t\t\t<div class=\"elementor-spacer\">\n\t\t\t<div class=\"elementor-spacer-inner\"><\/div>\n\t\t<\/div>\n\t\t\t\t\t\t<\/div>\n\t\t\t\t<\/div>\n\t\t\t\t\t<\/div>\n\t\t\t\t<\/div>\n\t\t\t\t<\/div>\n\t\t","protected":false},"excerpt":{"rendered":"<p>Me oleme 6 partnerit 6 ELi riigist! Projekti koordinaator ARTEMISSZI\u00d3 ALAP\u00cdTV\u00c1NY \u2013 Ungari | artemisszio.hu Artemisszi\u00f3 asutati 1998. aastal heategevusliku sihtasutusena, mis asub Ungaris, Budapestis. Me usume avatud ja sallivasse \u00fchiskonda, kus ebasoodsas olukorras olevatele inimestele antakse v\u00f5imalused ja v\u00e4\u00e4rtustatakse kultuuridevahelist suhtlemist. Me teame, et praeguses globaliseerunud maailmas on v\u00e4ga erinevate \u00fchiskondade m\u00f5istmine vajalik oskus.&hellip;&nbsp;<a href=\"https:\/\/mindfulness.erasmus.site\/et\/partnership\/\" rel=\"bookmark\">Read More &raquo;<span class=\"screen-reader-text\">Partnerlus<\/span><\/a><\/p>\n","protected":false},"author":1,"featured_media":0,"parent":0,"menu_order":0,"comment_status":"closed","ping_status":"closed","template":"","meta":{"neve_meta_sidebar":"","neve_meta_container":"","neve_meta_enable_content_width":"off","neve_meta_content_width":100,"neve_meta_title_alignment":"","neve_meta_author_avatar":"","neve_post_elements_order":"","neve_meta_disable_header":"","neve_meta_disable_footer":"","neve_meta_disable_title":"","footnotes":""},"class_list":["post-52","page","type-page","status-publish","hentry"],"_links":{"self":[{"href":"https:\/\/mindfulness.erasmus.site\/et\/wp-json\/wp\/v2\/pages\/52","targetHints":{"allow":["GET"]}}],"collection":[{"href":"https:\/\/mindfulness.erasmus.site\/et\/wp-json\/wp\/v2\/pages"}],"about":[{"href":"https:\/\/mindfulness.erasmus.site\/et\/wp-json\/wp\/v2\/types\/page"}],"author":[{"embeddable":true,"href":"https:\/\/mindfulness.erasmus.site\/et\/wp-json\/wp\/v2\/users\/1"}],"replies":[{"embeddable":true,"href":"https:\/\/mindfulness.erasmus.site\/et\/wp-json\/wp\/v2\/comments?post=52"}],"version-history":[{"count":161,"href":"https:\/\/mindfulness.erasmus.site\/et\/wp-json\/wp\/v2\/pages\/52\/revisions"}],"predecessor-version":[{"id":1066,"href":"https:\/\/mindfulness.erasmus.site\/et\/wp-json\/wp\/v2\/pages\/52\/revisions\/1066"}],"wp:attachment":[{"href":"https:\/\/mindfulness.erasmus.site\/et\/wp-json\/wp\/v2\/media?parent=52"}],"curies":[{"name":"wp","href":"https:\/\/api.w.org\/{rel}","templated":true}]}}