{"id":46,"date":"2024-02-21T10:59:46","date_gmt":"2024-02-21T10:59:46","guid":{"rendered":"https:\/\/mindfulness.erasmus.site\/?page_id=46"},"modified":"2024-06-11T15:29:19","modified_gmt":"2024-06-11T15:29:19","slug":"home","status":"publish","type":"page","link":"https:\/\/mindfulness.erasmus.site\/pl\/","title":{"rendered":"Strona g\u0142\u00f3wna"},"content":{"rendered":"\t\t<div data-elementor-type=\"wp-page\" data-elementor-id=\"46\" class=\"elementor elementor-46\">\n\t\t\t\t<div class=\"elementor-element elementor-element-cf13455 e-flex e-con-boxed e-con e-parent\" data-id=\"cf13455\" data-element_type=\"container\" data-e-type=\"container\">\n\t\t\t\t\t<div class=\"e-con-inner\">\n\t\t\t\t<div class=\"elementor-element elementor-element-b20bdb6 elementor-widget elementor-widget-image\" data-id=\"b20bdb6\" data-element_type=\"widget\" data-e-type=\"widget\" data-widget_type=\"image.default\">\n\t\t\t\t<div class=\"elementor-widget-container\">\n\t\t\t\t\t\t\t\t\t\t\t\t\t\t\t<img fetchpriority=\"high\" decoding=\"async\" width=\"1024\" height=\"410\" src=\"https:\/\/mindfulness.erasmus.site\/wp-content\/uploads\/2024\/02\/Mindfulness-for-Integration_logo-2-1024x410.webp\" class=\"attachment-large size-large wp-image-7\" alt=\"\" srcset=\"https:\/\/mindfulness.erasmus.site\/wp-content\/uploads\/2024\/02\/Mindfulness-for-Integration_logo-2-1024x410.webp 1024w, https:\/\/mindfulness.erasmus.site\/wp-content\/uploads\/2024\/02\/Mindfulness-for-Integration_logo-2-300x120.webp 300w, https:\/\/mindfulness.erasmus.site\/wp-content\/uploads\/2024\/02\/Mindfulness-for-Integration_logo-2-768x307.webp 768w, https:\/\/mindfulness.erasmus.site\/wp-content\/uploads\/2024\/02\/Mindfulness-for-Integration_logo-2-1536x615.webp 1536w, https:\/\/mindfulness.erasmus.site\/wp-content\/uploads\/2024\/02\/Mindfulness-for-Integration_logo-2-2048x819.webp 2048w\" sizes=\"(max-width: 1024px) 100vw, 1024px\" \/>\t\t\t\t\t\t\t\t\t\t\t\t\t\t\t<\/div>\n\t\t\t\t<\/div>\n\t\t\t\t\t<\/div>\n\t\t\t\t<\/div>\n\t\t<div class=\"elementor-element elementor-element-3c8a675 e-flex e-con-boxed e-con e-parent\" data-id=\"3c8a675\" data-element_type=\"container\" data-e-type=\"container\">\n\t\t\t\t\t<div class=\"e-con-inner\">\n\t\t<div class=\"elementor-element elementor-element-b4d91f6 e-con-full e-flex e-con e-child\" data-id=\"b4d91f6\" data-element_type=\"container\" data-e-type=\"container\">\n\t\t\t\t<div class=\"elementor-element elementor-element-8087f66 elementor-widget elementor-widget-text-editor\" data-id=\"8087f66\" data-element_type=\"widget\" data-e-type=\"widget\" data-widget_type=\"text-editor.default\">\n\t\t\t\t<div class=\"elementor-widget-container\">\n\t\t\t\t\t\t\t\t\t<p>Numer projektu: 2023-1-HU01-KA220-ADU-000160977[<\/p>\t\t\t\t\t\t\t\t<\/div>\n\t\t\t\t<\/div>\n\t\t\t\t<\/div>\n\t\t<div class=\"elementor-element elementor-element-a004a45 e-con-full e-flex e-con e-child\" data-id=\"a004a45\" data-element_type=\"container\" data-e-type=\"container\">\n\t\t\t\t<div class=\"elementor-element elementor-element-93feb03 elementor-widget elementor-widget-text-editor\" data-id=\"93feb03\" data-element_type=\"widget\" data-e-type=\"widget\" data-widget_type=\"text-editor.default\">\n\t\t\t\t<div class=\"elementor-widget-container\">\n\t\t\t\t\t\t\t\t\t<p>Czas realizacji: 01\/09\/2023 \u2013 31\/08\/2025<\/p>\t\t\t\t\t\t\t\t<\/div>\n\t\t\t\t<\/div>\n\t\t\t\t<\/div>\n\t\t<div class=\"elementor-element elementor-element-1ec48c1 e-con-full e-flex e-con e-child\" data-id=\"1ec48c1\" data-element_type=\"container\" data-e-type=\"container\">\n\t\t\t\t<div class=\"elementor-element elementor-element-659d8dc elementor-widget elementor-widget-text-editor\" data-id=\"659d8dc\" data-element_type=\"widget\" data-e-type=\"widget\" data-widget_type=\"text-editor.default\">\n\t\t\t\t<div class=\"elementor-widget-container\">\n\t\t\t\t\t\t\t\t\t<p>Typ dzia\u0142ania: Partnerstwa wsp\u00f3\u0142pracy w edukacji doros\u0142ych Typ dzia\u0142ania: Partnerstwa wsp\u00f3\u0142pracy w edukacji doros\u0142ych <\/p>\t\t\t\t\t\t\t\t<\/div>\n\t\t\t\t<\/div>\n\t\t\t\t<div class=\"elementor-element elementor-element-89aef51 elementor-widget elementor-widget-text-editor\" data-id=\"89aef51\" data-element_type=\"widget\" data-e-type=\"widget\" data-widget_type=\"text-editor.default\">\n\t\t\t\t<div class=\"elementor-widget-container\">\n\t\t\t\t\t\t\t\t\t<p>Mindfulness for Integration to projekt maj\u0105cy na celu wspieranie zdrowia psychicznego uchod\u017ac\u00f3w i migrant\u00f3w poprzez sztuk\u0119.<\/p>\t\t\t\t\t\t\t\t<\/div>\n\t\t\t\t<\/div>\n\t\t\t\t<div class=\"elementor-element elementor-element-36f5165 elementor-widget elementor-widget-image\" data-id=\"36f5165\" data-element_type=\"widget\" data-e-type=\"widget\" data-widget_type=\"image.default\">\n\t\t\t\t<div class=\"elementor-widget-container\">\n\t\t\t\t\t\t\t\t\t\t\t\t\t\t\t<img decoding=\"async\" width=\"583\" height=\"582\" src=\"https:\/\/mindfulness.erasmus.site\/wp-content\/uploads\/2024\/02\/Mindfulness-for-Integration_logo-5.webp\" class=\"attachment-large size-large wp-image-10\" alt=\"\" srcset=\"https:\/\/mindfulness.erasmus.site\/wp-content\/uploads\/2024\/02\/Mindfulness-for-Integration_logo-5.webp 583w, https:\/\/mindfulness.erasmus.site\/wp-content\/uploads\/2024\/02\/Mindfulness-for-Integration_logo-5-300x300.webp 300w, https:\/\/mindfulness.erasmus.site\/wp-content\/uploads\/2024\/02\/Mindfulness-for-Integration_logo-5-150x150.webp 150w\" sizes=\"(max-width: 583px) 100vw, 583px\" \/>\t\t\t\t\t\t\t\t\t\t\t\t\t\t\t<\/div>\n\t\t\t\t<\/div>\n\t\t\t\t<\/div>\n\t\t\t\t\t<\/div>\n\t\t\t\t<\/div>\n\t\t<div class=\"elementor-element elementor-element-1c24063 e-flex e-con-boxed e-con e-parent\" data-id=\"1c24063\" data-element_type=\"container\" data-e-type=\"container\">\n\t\t\t\t\t<div class=\"e-con-inner\">\n\t\t<div class=\"elementor-element elementor-element-c1344d6 e-con-full e-flex e-con e-child\" data-id=\"c1344d6\" data-element_type=\"container\" data-e-type=\"container\">\n\t\t\t\t<div class=\"elementor-element elementor-element-3b88553 elementor-widget elementor-widget-text-editor\" data-id=\"3b88553\" data-element_type=\"widget\" data-e-type=\"widget\" data-widget_type=\"text-editor.default\">\n\t\t\t\t<div class=\"elementor-widget-container\">\n\t\t\t\t\t\t\t\t\t<p><strong>Tematy poruszane w ramach Mindfulness for Integration:<\/strong><\/p>\t\t\t\t\t\t\t\t<\/div>\n\t\t\t\t<\/div>\n\t\t\t\t<\/div>\n\t\t<div class=\"elementor-element elementor-element-5229a5f e-con-full e-flex e-con e-child\" data-id=\"5229a5f\" data-element_type=\"container\" data-e-type=\"container\">\n\t\t\t\t<div class=\"elementor-element elementor-element-215a579 elementor-view-default elementor-widget elementor-widget-icon\" data-id=\"215a579\" data-element_type=\"widget\" data-e-type=\"widget\" data-widget_type=\"icon.default\">\n\t\t\t\t<div class=\"elementor-widget-container\">\n\t\t\t\t\t\t\t<div class=\"elementor-icon-wrapper\">\n\t\t\t<div class=\"elementor-icon\">\n\t\t\t<svg aria-hidden=\"true\" class=\"e-font-icon-svg e-fas-brain\" viewBox=\"0 0 576 512\" xmlns=\"http:\/\/www.w3.org\/2000\/svg\"><path d=\"M208 0c-29.9 0-54.7 20.5-61.8 48.2-.8 0-1.4-.2-2.2-.2-35.3 0-64 28.7-64 64 0 4.8.6 9.5 1.7 14C52.5 138 32 166.6 32 200c0 12.6 3.2 24.3 8.3 34.9C16.3 248.7 0 274.3 0 304c0 33.3 20.4 61.9 49.4 73.9-.9 4.6-1.4 9.3-1.4 14.1 0 39.8 32.2 72 72 72 4.1 0 8.1-.5 12-1.2 9.6 28.5 36.2 49.2 68 49.2 39.8 0 72-32.2 72-72V64c0-35.3-28.7-64-64-64zm368 304c0-29.7-16.3-55.3-40.3-69.1 5.2-10.6 8.3-22.3 8.3-34.9 0-33.4-20.5-62-49.7-74 1-4.5 1.7-9.2 1.7-14 0-35.3-28.7-64-64-64-.8 0-1.5.2-2.2.2C422.7 20.5 397.9 0 368 0c-35.3 0-64 28.6-64 64v376c0 39.8 32.2 72 72 72 31.8 0 58.4-20.7 68-49.2 3.9.7 7.9 1.2 12 1.2 39.8 0 72-32.2 72-72 0-4.8-.5-9.5-1.4-14.1 29-12 49.4-40.6 49.4-73.9z\"><\/path><\/svg>\t\t\t<\/div>\n\t\t<\/div>\n\t\t\t\t\t\t<\/div>\n\t\t\t\t<\/div>\n\t\t\t\t<div class=\"elementor-element elementor-element-e2e4f34 elementor-widget elementor-widget-text-editor\" data-id=\"e2e4f34\" data-element_type=\"widget\" data-e-type=\"widget\" data-widget_type=\"text-editor.default\">\n\t\t\t\t<div class=\"elementor-widget-container\">\n\t\t\t\t\t\t\t\t\t<p><strong>Zdrowie psychiczne<\/strong><\/p>\t\t\t\t\t\t\t\t<\/div>\n\t\t\t\t<\/div>\n\t\t\t\t<\/div>\n\t\t<div class=\"elementor-element elementor-element-890e0dd e-con-full e-flex e-con e-child\" data-id=\"890e0dd\" data-element_type=\"container\" data-e-type=\"container\">\n\t\t\t\t<div class=\"elementor-element elementor-element-d81d44a elementor-view-default elementor-widget elementor-widget-icon\" data-id=\"d81d44a\" data-element_type=\"widget\" data-e-type=\"widget\" data-widget_type=\"icon.default\">\n\t\t\t\t<div class=\"elementor-widget-container\">\n\t\t\t\t\t\t\t<div class=\"elementor-icon-wrapper\">\n\t\t\t<div class=\"elementor-icon\">\n\t\t\t<svg aria-hidden=\"true\" class=\"e-font-icon-svg e-fas-users\" viewBox=\"0 0 640 512\" xmlns=\"http:\/\/www.w3.org\/2000\/svg\"><path d=\"M96 224c35.3 0 64-28.7 64-64s-28.7-64-64-64-64 28.7-64 64 28.7 64 64 64zm448 0c35.3 0 64-28.7 64-64s-28.7-64-64-64-64 28.7-64 64 28.7 64 64 64zm32 32h-64c-17.6 0-33.5 7.1-45.1 18.6 40.3 22.1 68.9 62 75.1 109.4h66c17.7 0 32-14.3 32-32v-32c0-35.3-28.7-64-64-64zm-256 0c61.9 0 112-50.1 112-112S381.9 32 320 32 208 82.1 208 144s50.1 112 112 112zm76.8 32h-8.3c-20.8 10-43.9 16-68.5 16s-47.6-6-68.5-16h-8.3C179.6 288 128 339.6 128 403.2V432c0 26.5 21.5 48 48 48h288c26.5 0 48-21.5 48-48v-28.8c0-63.6-51.6-115.2-115.2-115.2zm-223.7-13.4C161.5 263.1 145.6 256 128 256H64c-35.3 0-64 28.7-64 64v32c0 17.7 14.3 32 32 32h65.9c6.3-47.4 34.9-87.3 75.2-109.4z\"><\/path><\/svg>\t\t\t<\/div>\n\t\t<\/div>\n\t\t\t\t\t\t<\/div>\n\t\t\t\t<\/div>\n\t\t\t\t<div class=\"elementor-element elementor-element-9e5653f elementor-widget elementor-widget-text-editor\" data-id=\"9e5653f\" data-element_type=\"widget\" data-e-type=\"widget\" data-widget_type=\"text-editor.default\">\n\t\t\t\t<div class=\"elementor-widget-container\">\n\t\t\t\t\t\t\t\t\t<p><strong>Uchod\u017acy i migranci<\/strong><\/p>\t\t\t\t\t\t\t\t<\/div>\n\t\t\t\t<\/div>\n\t\t\t\t<\/div>\n\t\t<div class=\"elementor-element elementor-element-684127a e-con-full e-flex e-con e-child\" data-id=\"684127a\" data-element_type=\"container\" data-e-type=\"container\">\n\t\t\t\t<div class=\"elementor-element elementor-element-af0c5fd elementor-view-default elementor-widget elementor-widget-icon\" data-id=\"af0c5fd\" data-element_type=\"widget\" data-e-type=\"widget\" data-widget_type=\"icon.default\">\n\t\t\t\t<div class=\"elementor-widget-container\">\n\t\t\t\t\t\t\t<div class=\"elementor-icon-wrapper\">\n\t\t\t<div class=\"elementor-icon\">\n\t\t\t<svg aria-hidden=\"true\" class=\"e-font-icon-svg e-fas-archway\" viewBox=\"0 0 576 512\" xmlns=\"http:\/\/www.w3.org\/2000\/svg\"><path d=\"M560 448h-16V96H32v352H16.02c-8.84 0-16 7.16-16 16v32c0 8.84 7.16 16 16 16H176c8.84 0 16-7.16 16-16V320c0-53.02 42.98-96 96-96s96 42.98 96 96l.02 160v16c0 8.84 7.16 16 16 16H560c8.84 0 16-7.16 16-16v-32c0-8.84-7.16-16-16-16zm0-448H16C7.16 0 0 7.16 0 16v32c0 8.84 7.16 16 16 16h544c8.84 0 16-7.16 16-16V16c0-8.84-7.16-16-16-16z\"><\/path><\/svg>\t\t\t<\/div>\n\t\t<\/div>\n\t\t\t\t\t\t<\/div>\n\t\t\t\t<\/div>\n\t\t\t\t<div class=\"elementor-element elementor-element-58b3c88 elementor-widget elementor-widget-text-editor\" data-id=\"58b3c88\" data-element_type=\"widget\" data-e-type=\"widget\" data-widget_type=\"text-editor.default\">\n\t\t\t\t<div class=\"elementor-widget-container\">\n\t\t\t\t\t\t\t\t\t<p><strong>Sektor kultury i sektor kreatywny<\/strong><\/p>\t\t\t\t\t\t\t\t<\/div>\n\t\t\t\t<\/div>\n\t\t\t\t<\/div>\n\t\t\t\t\t<\/div>\n\t\t\t\t<\/div>\n\t\t<div class=\"elementor-element elementor-element-29bfc8d e-flex e-con-boxed e-con e-parent\" data-id=\"29bfc8d\" data-element_type=\"container\" data-e-type=\"container\">\n\t\t\t\t\t<div class=\"e-con-inner\">\n\t\t\t\t<div class=\"elementor-element elementor-element-aa0a749 elementor-widget elementor-widget-spacer\" data-id=\"aa0a749\" data-element_type=\"widget\" data-e-type=\"widget\" data-widget_type=\"spacer.default\">\n\t\t\t\t<div class=\"elementor-widget-container\">\n\t\t\t\t\t\t\t<div class=\"elementor-spacer\">\n\t\t\t<div class=\"elementor-spacer-inner\"><\/div>\n\t\t<\/div>\n\t\t\t\t\t\t<\/div>\n\t\t\t\t<\/div>\n\t\t\t\t\t<\/div>\n\t\t\t\t<\/div>\n\t\t\t\t<\/div>\n\t\t","protected":false},"excerpt":{"rendered":"<p>Numer projektu: 2023-1-HU01-KA220-ADU-000160977[ Czas realizacji: 01\/09\/2023 \u2013 31\/08\/2025 Typ dzia\u0142ania: Partnerstwa wsp\u00f3\u0142pracy w edukacji doros\u0142ych Typ dzia\u0142ania: Partnerstwa wsp\u00f3\u0142pracy w edukacji doros\u0142ych Mindfulness for Integration to projekt maj\u0105cy na celu wspieranie zdrowia psychicznego uchod\u017ac\u00f3w i migrant\u00f3w poprzez sztuk\u0119. Tematy poruszane w ramach Mindfulness for Integration: Zdrowie psychiczne Uchod\u017acy i migranci Sektor kultury i sektor kreatywny<\/p>\n","protected":false},"author":1,"featured_media":0,"parent":0,"menu_order":0,"comment_status":"closed","ping_status":"closed","template":"elementor_header_footer","meta":{"neve_meta_sidebar":"","neve_meta_container":"","neve_meta_enable_content_width":"off","neve_meta_content_width":100,"neve_meta_title_alignment":"","neve_meta_author_avatar":"","neve_post_elements_order":"","neve_meta_disable_header":"","neve_meta_disable_footer":"","neve_meta_disable_title":"","footnotes":""},"class_list":["post-46","page","type-page","status-publish","hentry"],"_links":{"self":[{"href":"https:\/\/mindfulness.erasmus.site\/pl\/wp-json\/wp\/v2\/pages\/46","targetHints":{"allow":["GET"]}}],"collection":[{"href":"https:\/\/mindfulness.erasmus.site\/pl\/wp-json\/wp\/v2\/pages"}],"about":[{"href":"https:\/\/mindfulness.erasmus.site\/pl\/wp-json\/wp\/v2\/types\/page"}],"author":[{"embeddable":true,"href":"https:\/\/mindfulness.erasmus.site\/pl\/wp-json\/wp\/v2\/users\/1"}],"replies":[{"embeddable":true,"href":"https:\/\/mindfulness.erasmus.site\/pl\/wp-json\/wp\/v2\/comments?post=46"}],"version-history":[{"count":189,"href":"https:\/\/mindfulness.erasmus.site\/pl\/wp-json\/wp\/v2\/pages\/46\/revisions"}],"predecessor-version":[{"id":1048,"href":"https:\/\/mindfulness.erasmus.site\/pl\/wp-json\/wp\/v2\/pages\/46\/revisions\/1048"}],"wp:attachment":[{"href":"https:\/\/mindfulness.erasmus.site\/pl\/wp-json\/wp\/v2\/media?parent=46"}],"curies":[{"name":"wp","href":"https:\/\/api.w.org\/{rel}","templated":true}]}}