{"id":52,"date":"2024-02-21T11:01:19","date_gmt":"2024-02-21T11:01:19","guid":{"rendered":"https:\/\/mindfulness.erasmus.site\/?page_id=52"},"modified":"2024-06-11T17:10:55","modified_gmt":"2024-06-11T17:10:55","slug":"partnership","status":"publish","type":"page","link":"https:\/\/mindfulness.erasmus.site\/pl\/partnership\/","title":{"rendered":"Partnerzy"},"content":{"rendered":"\t\t<div data-elementor-type=\"wp-page\" data-elementor-id=\"52\" class=\"elementor elementor-52\">\n\t\t\t\t<div class=\"elementor-element elementor-element-f07f72b e-flex e-con-boxed e-con e-parent\" data-id=\"f07f72b\" data-element_type=\"container\" data-e-type=\"container\">\n\t\t\t\t\t<div class=\"e-con-inner\">\n\t\t\t\t<div class=\"elementor-element elementor-element-4794403 elementor-widget elementor-widget-text-editor\" data-id=\"4794403\" data-element_type=\"widget\" data-e-type=\"widget\" data-widget_type=\"text-editor.default\">\n\t\t\t\t<div class=\"elementor-widget-container\">\n\t\t\t\t\t\t\t\t\t<p>Jeste\u015bmy sz\u00f3stk\u0105 Partner\u00f3w z 6 kraj\u00f3w UE!<\/p>\t\t\t\t\t\t\t\t<\/div>\n\t\t\t\t<\/div>\n\t\t\t\t\t<\/div>\n\t\t\t\t<\/div>\n\t\t<div class=\"elementor-element elementor-element-67dfc9f e-flex e-con-boxed e-con e-parent\" data-id=\"67dfc9f\" data-element_type=\"container\" data-e-type=\"container\">\n\t\t\t\t\t<div class=\"e-con-inner\">\n\t\t\t\t<div class=\"elementor-element elementor-element-182241e elementor-widget elementor-widget-image\" data-id=\"182241e\" data-element_type=\"widget\" data-e-type=\"widget\" data-widget_type=\"image.default\">\n\t\t\t\t<div class=\"elementor-widget-container\">\n\t\t\t\t\t\t\t\t\t\t\t\t\t\t\t<img fetchpriority=\"high\" decoding=\"async\" width=\"1024\" height=\"308\" src=\"https:\/\/mindfulness.erasmus.site\/wp-content\/uploads\/2024\/02\/logo_artemisszio_black-1-1024x308.webp\" class=\"attachment-large size-large wp-image-11\" alt=\"\" srcset=\"https:\/\/mindfulness.erasmus.site\/wp-content\/uploads\/2024\/02\/logo_artemisszio_black-1-1024x308.webp 1024w, https:\/\/mindfulness.erasmus.site\/wp-content\/uploads\/2024\/02\/logo_artemisszio_black-1-300x90.webp 300w, https:\/\/mindfulness.erasmus.site\/wp-content\/uploads\/2024\/02\/logo_artemisszio_black-1-768x231.webp 768w, https:\/\/mindfulness.erasmus.site\/wp-content\/uploads\/2024\/02\/logo_artemisszio_black-1-1536x462.webp 1536w, https:\/\/mindfulness.erasmus.site\/wp-content\/uploads\/2024\/02\/logo_artemisszio_black-1-2048x616.webp 2048w\" sizes=\"(max-width: 1024px) 100vw, 1024px\" \/>\t\t\t\t\t\t\t\t\t\t\t\t\t\t\t<\/div>\n\t\t\t\t<\/div>\n\t\t\t\t<div class=\"elementor-element elementor-element-fd21bb0 elementor-widget elementor-widget-heading\" data-id=\"fd21bb0\" data-element_type=\"widget\" data-e-type=\"widget\" data-widget_type=\"heading.default\">\n\t\t\t\t<div class=\"elementor-widget-container\">\n\t\t\t\t\t<h5 class=\"elementor-heading-title elementor-size-default\">Koordynator projektu<\/h5>\t\t\t\t<\/div>\n\t\t\t\t<\/div>\n\t\t\t\t<div class=\"elementor-element elementor-element-50abd14 elementor-widget elementor-widget-text-editor\" data-id=\"50abd14\" data-element_type=\"widget\" data-e-type=\"widget\" data-widget_type=\"text-editor.default\">\n\t\t\t\t<div class=\"elementor-widget-container\">\n\t\t\t\t\t\t\t\t\t<p><strong>ARTEMISSZI\u00d3 ALAP\u00cdTV\u00c1NY \u2013 W\u0119gry  | <a href=\"https:\/\/artemisszio.hu\/\">artemisszio.hu<\/a><\/strong><\/p>\t\t\t\t\t\t\t\t<\/div>\n\t\t\t\t<\/div>\n\t\t\t\t<div class=\"elementor-element elementor-element-e7fe311 elementor-widget elementor-widget-text-editor\" data-id=\"e7fe311\" data-element_type=\"widget\" data-e-type=\"widget\" data-widget_type=\"text-editor.default\">\n\t\t\t\t<div class=\"elementor-widget-container\">\n\t\t\t\t\t\t\t\t\t<p>Artemisszi\u00f3 zosta\u0142a za\u0142o\u017cona w 1998 roku jako fundacja charytatywna z siedzib\u0105 w Budapeszcie na W\u0119grzech. Wierzymy w otwarte, tolerancyjne spo\u0142ecze\u0144stwo, w kt\u00f3rym osoby znajduj\u0105ce si\u0119 w niekorzystnej sytuacji otrzymuj\u0105 szanse, a wielokulturowo\u015b\u0107 jest ceniona. Wiemy, \u017ce w obecnym zglobalizowanym \u015bwiecie zrozumienie g\u0142\u0119boko zr\u00f3\u017cnicowanych spo\u0142ecze\u0144stw jest niezb\u0119dn\u0105 umiej\u0119tno\u015bci\u0105. To jest droga naprz\u00f3d.<\/p><p>Pracujemy nad realizacj\u0105 tych cel\u00f3w zar\u00f3wno w naszym kraju, jak i za granic\u0105. Artemisszio wspiera integracj\u0119 spo\u0142eczn\u0105 grup znajduj\u0105cych si\u0119 w niekorzystnej sytuacji spo\u0142ecznej i kulturowej poprzez opracowywanie i prowadzenie szkole\u0144 mi\u0119dzykulturowych, tworzenie materia\u0142\u00f3w i metod edukacyjnych, maj\u0105cych na celu rozw\u00f3j krytycznego my\u015blenia i upodmiotowienia. Prowadzi szkolenia dla profesjonalist\u00f3w z sektora spo\u0142ecznego: pracownik\u00f3w socjalnych, nauczycieli, pracownik\u00f3w s\u0142u\u017cby zdrowia i m\u0142odzie\u017cy. Cz\u0119sto u\u017cywamy artystycznych i kreatywnych metod, aby zaanga\u017cowa\u0107 nasz\u0105 publiczno\u015b\u0107, takich jak Teatr Forum, sztuki wizualne i kreatywne spacery po mie\u015bcie. Coraz cz\u0119\u015bciej pracujemy w ramach partycypacji, takich jak badania partycypacyjne i dzia\u0142ania zwi\u0105zane ze wsp\u00f3\u0142tworzeniem.<\/p><p>Mi\u0119dzykulturowa spo\u0142eczno\u015b\u0107 Artemisszi\u00f3, &#8222;Mira&#8221;, oferuje miejsce spotka\u0144 mi\u0119dzy obywatelami kraj\u00f3w trzecich, w tym migrantami i uchod\u017acami, i W\u0119grami zainteresowanymi do\u015bwiadczeniami mi\u0119dzykulturowymi. Mira House organizuje r\u00f3\u017cnorodne programy, w tym kursy j\u0119zyka w\u0119gierskiego, wydarzenia mentorskie, programy wspieraj\u0105ce orientacj\u0119 w kraju dla nowo przyby\u0142ych i poczucie wsp\u00f3lnoty dla wszystkich. Mamy silne powi\u0105zania z niekt\u00f3rymi szko\u0142ami \u015brednimi i wydzia\u0142ami uniwersyteckimi, kt\u00f3re rozwin\u0119li\u015bmy dzi\u0119ki naszym projektom zwi\u0105zanym z uwra\u017cliwieniem spo\u0142ecznym i integracj\u0105 spo\u0142eczn\u0105.<\/p><p>Strona internetowa: <a href=\"https:\/\/artemisszio.hu\/\">https:\/\/artemisszio.hu\/<\/a> <\/p>\t\t\t\t\t\t\t\t<\/div>\n\t\t\t\t<\/div>\n\t\t\t\t<div class=\"elementor-element elementor-element-ddbf63e elementor-widget-divider--view-line elementor-widget elementor-widget-divider\" data-id=\"ddbf63e\" data-element_type=\"widget\" data-e-type=\"widget\" data-widget_type=\"divider.default\">\n\t\t\t\t<div class=\"elementor-widget-container\">\n\t\t\t\t\t\t\t<div class=\"elementor-divider\">\n\t\t\t<span class=\"elementor-divider-separator\">\n\t\t\t\t\t\t<\/span>\n\t\t<\/div>\n\t\t\t\t\t\t<\/div>\n\t\t\t\t<\/div>\n\t\t\t\t\t<\/div>\n\t\t\t\t<\/div>\n\t\t<div class=\"elementor-element elementor-element-9896fca e-flex e-con-boxed e-con e-parent\" data-id=\"9896fca\" data-element_type=\"container\" data-e-type=\"container\">\n\t\t\t\t\t<div class=\"e-con-inner\">\n\t\t\t\t<div class=\"elementor-element elementor-element-d0138ea elementor-widget elementor-widget-image\" data-id=\"d0138ea\" data-element_type=\"widget\" data-e-type=\"widget\" data-widget_type=\"image.default\">\n\t\t\t\t<div class=\"elementor-widget-container\">\n\t\t\t\t\t\t\t\t\t\t\t\t\t\t\t<img decoding=\"async\" width=\"1024\" height=\"325\" src=\"https:\/\/mindfulness.erasmus.site\/wp-content\/uploads\/2024\/02\/CWEP_logo-large-1024x325.webp\" class=\"attachment-large size-large wp-image-19\" alt=\"\" srcset=\"https:\/\/mindfulness.erasmus.site\/wp-content\/uploads\/2024\/02\/CWEP_logo-large-1024x325.webp 1024w, https:\/\/mindfulness.erasmus.site\/wp-content\/uploads\/2024\/02\/CWEP_logo-large-300x95.webp 300w, https:\/\/mindfulness.erasmus.site\/wp-content\/uploads\/2024\/02\/CWEP_logo-large-768x244.webp 768w, https:\/\/mindfulness.erasmus.site\/wp-content\/uploads\/2024\/02\/CWEP_logo-large.webp 1410w\" sizes=\"(max-width: 1024px) 100vw, 1024px\" \/>\t\t\t\t\t\t\t\t\t\t\t\t\t\t\t<\/div>\n\t\t\t\t<\/div>\n\t\t\t\t<div class=\"elementor-element elementor-element-8fff4bc elementor-widget elementor-widget-text-editor\" data-id=\"8fff4bc\" data-element_type=\"widget\" data-e-type=\"widget\" data-widget_type=\"text-editor.default\">\n\t\t\t\t<div class=\"elementor-widget-container\">\n\t\t\t\t\t\t\t\t\t<p><strong>STOWARZYSZENIE CENTRUM WSPIERANIA EDUKACJI I PRZEDSI\u0118BIORCZO\u015aCI &#8211; Polska | <a href=\"https:\/\/cwep.eu\/\">cwep.eu<\/a><\/strong><\/p>\t\t\t\t\t\t\t\t<\/div>\n\t\t\t\t<\/div>\n\t\t\t\t<div class=\"elementor-element elementor-element-08c370f elementor-widget elementor-widget-text-editor\" data-id=\"08c370f\" data-element_type=\"widget\" data-e-type=\"widget\" data-widget_type=\"text-editor.default\">\n\t\t\t\t<div class=\"elementor-widget-container\">\n\t\t\t\t\t\t\t\t\t<p><\/p><p>Centrum Wspierania Edukacji i Przedsi\u0119biorczo\u015bci (CWEP) jest organizacj\u0105 pozarz\u0105dow\u0105 za\u0142o\u017con\u0105 w 2004 roku przez grup\u0119 przedsi\u0119biorc\u00f3w, nauczycieli i dzia\u0142aczy spo\u0142ecznych z Rzeszowa. CWEP wsp\u00f3\u0142pracuje z przedsi\u0119biorstwami i instytucjami edukacyjnymi. Misj\u0105 CWEP jest podnoszenie jako\u015bci kszta\u0142cenia na wszystkich poziomach i we wszystkich jego formach, a tak\u017ce promowanie przedsi\u0119biorczo\u015bci w celu wspierania integracji ka\u017cdej grupy spo\u0142ecznej, niezale\u017cnie od p\u0142ci, wieku czy pochodzenia etnicznego. W szczeg\u00f3lno\u015bci celem jest poprawa dost\u0119pno\u015bci, jako\u015bci i skuteczno\u015bci edukacji dla wszystkich os\u00f3b, promowanie i przyczynianie si\u0119 do edukacji doros\u0142ych, uczenia si\u0119 przez ca\u0142e \u017cycie, e-learningu i wykorzystania nowych technologii w edukacji i przedsi\u0119biorczo\u015bci. Stowarzyszenie wsp\u00f3\u0142pracuje z wieloma partnerami z Europy w celu wzmocnienia pozycji ekonomicznej przedsi\u0119biorstw i zapewnia platformy internetowe dla firm.<\/p><p>Strona internetowa: <a href=\"https:\/\/cwep.eu\/\">https:\/\/cwep.eu\/<\/a> \u00a0 <\/p>\t\t\t\t\t\t\t\t<\/div>\n\t\t\t\t<\/div>\n\t\t\t\t<div class=\"elementor-element elementor-element-fea138a elementor-widget-divider--view-line elementor-widget elementor-widget-divider\" data-id=\"fea138a\" data-element_type=\"widget\" data-e-type=\"widget\" data-widget_type=\"divider.default\">\n\t\t\t\t<div class=\"elementor-widget-container\">\n\t\t\t\t\t\t\t<div class=\"elementor-divider\">\n\t\t\t<span class=\"elementor-divider-separator\">\n\t\t\t\t\t\t<\/span>\n\t\t<\/div>\n\t\t\t\t\t\t<\/div>\n\t\t\t\t<\/div>\n\t\t\t\t\t<\/div>\n\t\t\t\t<\/div>\n\t\t<div class=\"elementor-element elementor-element-41c3e9f e-flex e-con-boxed e-con e-parent\" data-id=\"41c3e9f\" data-element_type=\"container\" data-e-type=\"container\">\n\t\t\t\t\t<div class=\"e-con-inner\">\n\t\t\t\t<div class=\"elementor-element elementor-element-48d14db elementor-widget elementor-widget-image\" data-id=\"48d14db\" data-element_type=\"widget\" data-e-type=\"widget\" data-widget_type=\"image.default\">\n\t\t\t\t<div class=\"elementor-widget-container\">\n\t\t\t\t\t\t\t\t\t\t\t\t\t\t\t<img decoding=\"async\" width=\"945\" height=\"264\" src=\"https:\/\/mindfulness.erasmus.site\/wp-content\/uploads\/2024\/02\/kainotomia-removebg-preview.webp\" class=\"attachment-large size-large wp-image-28\" alt=\"\" srcset=\"https:\/\/mindfulness.erasmus.site\/wp-content\/uploads\/2024\/02\/kainotomia-removebg-preview.webp 945w, https:\/\/mindfulness.erasmus.site\/wp-content\/uploads\/2024\/02\/kainotomia-removebg-preview-300x84.webp 300w, https:\/\/mindfulness.erasmus.site\/wp-content\/uploads\/2024\/02\/kainotomia-removebg-preview-768x215.webp 768w\" sizes=\"(max-width: 945px) 100vw, 945px\" \/>\t\t\t\t\t\t\t\t\t\t\t\t\t\t\t<\/div>\n\t\t\t\t<\/div>\n\t\t\t\t<div class=\"elementor-element elementor-element-d8125e2 elementor-widget elementor-widget-text-editor\" data-id=\"d8125e2\" data-element_type=\"widget\" data-e-type=\"widget\" data-widget_type=\"text-editor.default\">\n\t\t\t\t<div class=\"elementor-widget-container\">\n\t\t\t\t\t\t\t\t\t<p><strong>KAINOTOMIA &amp; SIA EE &#8211; Grecja  | <a href=\"https:\/\/kainotomia.com.gr\/\">kainotomia.com.gr<\/a><\/strong><\/p>\t\t\t\t\t\t\t\t<\/div>\n\t\t\t\t<\/div>\n\t\t\t\t<div class=\"elementor-element elementor-element-6b55f2f elementor-widget elementor-widget-text-editor\" data-id=\"6b55f2f\" data-element_type=\"widget\" data-e-type=\"widget\" data-widget_type=\"text-editor.default\">\n\t\t\t\t<div class=\"elementor-widget-container\">\n\t\t\t\t\t\t\t\t\t<p>KAINOTOMIA to Centrum Kszta\u0142cenia Ustawicznego (K.D.V.M) w Grecji, kt\u00f3re dzia\u0142a w dziedzinie kszta\u0142cenia i szkolenia zawodowego. KAINOTOMIA wdro\u017cy\u0142a ponad 60 program\u00f3w ustawicznego szkolenia zawodowego dla os\u00f3b bezrobotnych, nauczycieli na wszystkich poziomach edukacji, student\u00f3w szk\u00f3\u0142 wy\u017cszych, pracownik\u00f3w\/samozatrudnionych i grup spo\u0142ecznych wymagaj\u0105cych szczeg\u00f3lnego traktowania, w celu rozwoju mo\u017cliwo\u015bci zawodowych oraz ich promocji i integracji na rynku pracy i w spo\u0142ecze\u0144stwie w og\u00f3le, poprzez innowacyjne programy. KAINOTOMIA \u015bwiadczy us\u0142ugi doradcze dla przedsi\u0119biorstw oraz us\u0142ugi wsparcia i doradztwa dla adresat\u00f3w szkole\u0144 w celu u\u0142atwienia im (ponownego) wej\u015bcia na rynek pracy. KAINOTOMIA uczestniczy\u0142a w kilku krajowych projektach, oferuj\u0105c wysoki poziom wiedzy specjalistycznej w zakresie szkole\u0144 w nowoczesnych dziedzinach, \u0142\u0105cz\u0105c je z tymi, na kt\u00f3re istnieje du\u017ce zapotrzebowanie na rynku pracy, w celu rozwijania wiedzy, umiej\u0119tno\u015bci i postaw adresat\u00f3w szkole\u0144 dla ich integracji na rynku pracy. Ponadto KAINOTOMIA uczestniczy we wsp\u00f3\u0142finansowanych przez pa\u0144stwo programach zwanych &#8222;projektami rozwoju lokalnego i przedsi\u0119biorczo\u015bci dla os\u00f3b bezrobotnych w oparciu o konkretne potrzeby lokalne i potencja\u0142 rozwojowy&#8221;.<\/p><p>Strona internetowa: <a href=\"https:\/\/kainotomia.com.gr\/\">https:\/\/kainotomia.com.gr\/<\/a> <\/p>\t\t\t\t\t\t\t\t<\/div>\n\t\t\t\t<\/div>\n\t\t\t\t<div class=\"elementor-element elementor-element-bf066a5 elementor-widget-divider--view-line elementor-widget elementor-widget-divider\" data-id=\"bf066a5\" data-element_type=\"widget\" data-e-type=\"widget\" data-widget_type=\"divider.default\">\n\t\t\t\t<div class=\"elementor-widget-container\">\n\t\t\t\t\t\t\t<div class=\"elementor-divider\">\n\t\t\t<span class=\"elementor-divider-separator\">\n\t\t\t\t\t\t<\/span>\n\t\t<\/div>\n\t\t\t\t\t\t<\/div>\n\t\t\t\t<\/div>\n\t\t\t\t\t<\/div>\n\t\t\t\t<\/div>\n\t\t<div class=\"elementor-element elementor-element-0417076 e-flex e-con-boxed e-con e-parent\" data-id=\"0417076\" data-element_type=\"container\" data-e-type=\"container\">\n\t\t\t\t\t<div class=\"e-con-inner\">\n\t\t\t\t<div class=\"elementor-element elementor-element-017a7ec elementor-widget elementor-widget-image\" data-id=\"017a7ec\" data-element_type=\"widget\" data-e-type=\"widget\" data-widget_type=\"image.default\">\n\t\t\t\t<div class=\"elementor-widget-container\">\n\t\t\t\t\t\t\t\t\t\t\t\t\t\t\t<img loading=\"lazy\" decoding=\"async\" width=\"1024\" height=\"417\" src=\"https:\/\/mindfulness.erasmus.site\/wp-content\/uploads\/2024\/02\/IRMI2-1024x417.webp\" class=\"attachment-large size-large wp-image-21\" alt=\"\" srcset=\"https:\/\/mindfulness.erasmus.site\/wp-content\/uploads\/2024\/02\/IRMI2-1024x417.webp 1024w, https:\/\/mindfulness.erasmus.site\/wp-content\/uploads\/2024\/02\/IRMI2-300x122.webp 300w, https:\/\/mindfulness.erasmus.site\/wp-content\/uploads\/2024\/02\/IRMI2-768x313.webp 768w, https:\/\/mindfulness.erasmus.site\/wp-content\/uploads\/2024\/02\/IRMI2-1536x625.webp 1536w, https:\/\/mindfulness.erasmus.site\/wp-content\/uploads\/2024\/02\/IRMI2-2048x834.webp 2048w\" sizes=\"(max-width: 1024px) 100vw, 1024px\" \/>\t\t\t\t\t\t\t\t\t\t\t\t\t\t\t<\/div>\n\t\t\t\t<\/div>\n\t\t\t\t<div class=\"elementor-element elementor-element-327898b elementor-widget elementor-widget-text-editor\" data-id=\"327898b\" data-element_type=\"widget\" data-e-type=\"widget\" data-widget_type=\"text-editor.default\">\n\t\t\t\t<div class=\"elementor-widget-container\">\n\t\t\t\t\t\t\t\t\t<p><strong>INSTITUT FUR ROMA UND MINDERHEITEN EV &#8211; Niemcy | <\/strong><a href=\"https:\/\/irm-inclusion.eu\/\"><strong>irm-inclusion<\/strong><\/a><\/p>\t\t\t\t\t\t\t\t<\/div>\n\t\t\t\t<\/div>\n\t\t\t\t<div class=\"elementor-element elementor-element-4be00cd elementor-widget elementor-widget-text-editor\" data-id=\"4be00cd\" data-element_type=\"widget\" data-e-type=\"widget\" data-widget_type=\"text-editor.default\">\n\t\t\t\t<div class=\"elementor-widget-container\">\n\t\t\t\t\t\t\t\t\t<p>Institut fur Roma und Minderheiten d\u0105\u017cy do spo\u0142ecze\u0144stwa, w kt\u00f3rym grupy docelowe (Romowie, migranci, uchod\u017acy i osoby o mniejszych szansach) ciesz\u0105 si\u0119 r\u00f3wnym dost\u0119pem do mo\u017cliwo\u015bci niezale\u017cnie od ich pochodzenia etnicznego, maj\u0105 g\u0142os w swojej spo\u0142eczno\u015bci i spo\u0142ecze\u0144stwie, a ich potrzeby s\u0105 zaspokajane przez instytucje, kt\u00f3re maj\u0105 bezpo\u015bredni wp\u0142yw na ich codzienne \u017cycie. Poprzez nasz\u0105 misj\u0119 d\u0105\u017cymy do zapewnienia zr\u00f3wnowa\u017conego rozwoju spo\u0142eczno\u015bci przez tworzenie mo\u017cliwo\u015bci wysokojako\u015bciowego zaanga\u017cowania spo\u0142ecze\u0144stwa obywatelskiego, rozwijanie mo\u017cliwo\u015bci uczenia si\u0119 i aktywnego zaanga\u017cowania grup docelowych jako os\u00f3b o mniejszych szansach.<\/p><p>Strona internetowa: <a href=\"https:\/\/irm-inclusion.eu\/\">https:\/\/irm-inclusion.eu\/<\/a> <\/p>\t\t\t\t\t\t\t\t<\/div>\n\t\t\t\t<\/div>\n\t\t\t\t<div class=\"elementor-element elementor-element-f760c28 elementor-widget-divider--view-line elementor-widget elementor-widget-divider\" data-id=\"f760c28\" data-element_type=\"widget\" data-e-type=\"widget\" data-widget_type=\"divider.default\">\n\t\t\t\t<div class=\"elementor-widget-container\">\n\t\t\t\t\t\t\t<div class=\"elementor-divider\">\n\t\t\t<span class=\"elementor-divider-separator\">\n\t\t\t\t\t\t<\/span>\n\t\t<\/div>\n\t\t\t\t\t\t<\/div>\n\t\t\t\t<\/div>\n\t\t\t\t\t<\/div>\n\t\t\t\t<\/div>\n\t\t<div class=\"elementor-element elementor-element-140bc6c e-flex e-con-boxed e-con e-parent\" data-id=\"140bc6c\" data-element_type=\"container\" data-e-type=\"container\">\n\t\t\t\t\t<div class=\"e-con-inner\">\n\t\t\t\t<div class=\"elementor-element elementor-element-965b5c1 elementor-widget elementor-widget-image\" data-id=\"965b5c1\" data-element_type=\"widget\" data-e-type=\"widget\" data-widget_type=\"image.default\">\n\t\t\t\t<div class=\"elementor-widget-container\">\n\t\t\t\t\t\t\t\t\t\t\t\t\t\t\t<img loading=\"lazy\" decoding=\"async\" width=\"1024\" height=\"614\" src=\"https:\/\/mindfulness.erasmus.site\/wp-content\/uploads\/2024\/02\/base_logo_transparent_background-1024x614.webp\" class=\"attachment-large size-large wp-image-17\" alt=\"\" srcset=\"https:\/\/mindfulness.erasmus.site\/wp-content\/uploads\/2024\/02\/base_logo_transparent_background-1024x614.webp 1024w, https:\/\/mindfulness.erasmus.site\/wp-content\/uploads\/2024\/02\/base_logo_transparent_background-300x180.webp 300w, https:\/\/mindfulness.erasmus.site\/wp-content\/uploads\/2024\/02\/base_logo_transparent_background-768x461.webp 768w, https:\/\/mindfulness.erasmus.site\/wp-content\/uploads\/2024\/02\/base_logo_transparent_background-1536x922.webp 1536w, https:\/\/mindfulness.erasmus.site\/wp-content\/uploads\/2024\/02\/base_logo_transparent_background-2048x1229.webp 2048w\" sizes=\"(max-width: 1024px) 100vw, 1024px\" \/>\t\t\t\t\t\t\t\t\t\t\t\t\t\t\t<\/div>\n\t\t\t\t<\/div>\n\t\t\t\t<div class=\"elementor-element elementor-element-a11d05c elementor-widget elementor-widget-text-editor\" data-id=\"a11d05c\" data-element_type=\"widget\" data-e-type=\"widget\" data-widget_type=\"text-editor.default\">\n\t\t\t\t<div class=\"elementor-widget-container\">\n\t\t\t\t\t\t\t\t\t<p><strong>Cuiablue O\u00dc \u2013 Estonia | <a href=\"https:\/\/cuiablue.ee\">cuiablue.ee<\/a><\/strong><\/p>\t\t\t\t\t\t\t\t<\/div>\n\t\t\t\t<\/div>\n\t\t\t\t<div class=\"elementor-element elementor-element-46701c1 elementor-widget elementor-widget-text-editor\" data-id=\"46701c1\" data-element_type=\"widget\" data-e-type=\"widget\" data-widget_type=\"text-editor.default\">\n\t\t\t\t<div class=\"elementor-widget-container\">\n\t\t\t\t\t\t\t\t\t<p>Cuiablue O\u00dc to przedsi\u0119biorstwo spo\u0142eczne, kt\u00f3re nap\u0119dza pozytywne zmiany spo\u0142eczne i \u015brodowiskowe poprzez kreatywne rozwi\u0105zania edukacyjne w zakresie nieformalnego uczenia si\u0119 i szkole\u0144 zawodowych. Cuiablue O\u00dc specjalizuje si\u0119 w projektowaniu innowacyjnych narz\u0119dzi wspieraj\u0105cych ruchy edukacyjne poprzez wsp\u00f3\u0142prac\u0119 z grupami ludzi w celu rozwijania ich wsp\u00f3lnych idei \u015brodowiskowych, spo\u0142ecznych lub kulturowych przy jednoczesnym rozwijaniu ich umiej\u0119tno\u015bci i wiedzy.<\/p><p>Strona internetowa: <a href=\"https:\/\/cuiablue.ee\">https:\/\/cuiablue.ee<\/a> <\/p>\t\t\t\t\t\t\t\t<\/div>\n\t\t\t\t<\/div>\n\t\t\t\t<div class=\"elementor-element elementor-element-1422c6e elementor-widget-divider--view-line elementor-widget elementor-widget-divider\" data-id=\"1422c6e\" data-element_type=\"widget\" data-e-type=\"widget\" data-widget_type=\"divider.default\">\n\t\t\t\t<div class=\"elementor-widget-container\">\n\t\t\t\t\t\t\t<div class=\"elementor-divider\">\n\t\t\t<span class=\"elementor-divider-separator\">\n\t\t\t\t\t\t<\/span>\n\t\t<\/div>\n\t\t\t\t\t\t<\/div>\n\t\t\t\t<\/div>\n\t\t\t\t\t<\/div>\n\t\t\t\t<\/div>\n\t\t<div class=\"elementor-element elementor-element-17704e4 e-flex e-con-boxed e-con e-parent\" data-id=\"17704e4\" data-element_type=\"container\" data-e-type=\"container\">\n\t\t\t\t\t<div class=\"e-con-inner\">\n\t\t\t\t<div class=\"elementor-element elementor-element-bfc60a4 elementor-widget elementor-widget-image\" data-id=\"bfc60a4\" data-element_type=\"widget\" data-e-type=\"widget\" data-widget_type=\"image.default\">\n\t\t\t\t<div class=\"elementor-widget-container\">\n\t\t\t\t\t\t\t\t\t\t\t\t\t\t\t<img loading=\"lazy\" decoding=\"async\" width=\"240\" height=\"240\" src=\"https:\/\/mindfulness.erasmus.site\/wp-content\/uploads\/2024\/02\/NDF-LOGO.webp\" class=\"attachment-large size-large wp-image-30\" alt=\"\" srcset=\"https:\/\/mindfulness.erasmus.site\/wp-content\/uploads\/2024\/02\/NDF-LOGO.webp 240w, https:\/\/mindfulness.erasmus.site\/wp-content\/uploads\/2024\/02\/NDF-LOGO-150x150.webp 150w\" sizes=\"(max-width: 240px) 100vw, 240px\" \/>\t\t\t\t\t\t\t\t\t\t\t\t\t\t\t<\/div>\n\t\t\t\t<\/div>\n\t\t\t\t<div class=\"elementor-element elementor-element-03a748a elementor-widget elementor-widget-text-editor\" data-id=\"03a748a\" data-element_type=\"widget\" data-e-type=\"widget\" data-widget_type=\"text-editor.default\">\n\t\t\t\t<div class=\"elementor-widget-container\">\n\t\t\t\t\t\t\t\t\t<p><strong>NORDIC DIASPORA FORUM \u2013 Szwecja | <\/strong><a href=\"https:\/\/nordicdiasporaforum.eu\/\"><strong>nordicdiasporaforum.eu<\/strong><\/a><\/p>\t\t\t\t\t\t\t\t<\/div>\n\t\t\t\t<\/div>\n\t\t\t\t<div class=\"elementor-element elementor-element-64f5ac0 elementor-widget elementor-widget-text-editor\" data-id=\"64f5ac0\" data-element_type=\"widget\" data-e-type=\"widget\" data-widget_type=\"text-editor.default\">\n\t\t\t\t<div class=\"elementor-widget-container\">\n\t\t\t\t\t\t\t\t\t<p>Nordic Diaspora Forum to szwedzka organizacja pozarz\u0105dowa zajmuj\u0105ca si\u0119 kluczowymi kwestiami zwi\u0105zanymi z imigracj\u0105, ze szczeg\u00f3lnym naciskiem na integracj\u0119 spo\u0142eczn\u0105, zw\u0142aszcza w\u015br\u00f3d m\u0142odych imigrant\u00f3w. Nasze inicjatywy maj\u0105 na celu stworzenie \u015brodowiska wspieraj\u0105cego dobrostan psychiczny m\u0142odych ludzi zmagaj\u0105cych si\u0119 ze z\u0142o\u017cono\u015bci\u0105 imigracji. Poprzez badania, rzecznictwo i praktyczne programy staramy si\u0119 zwi\u0119ksza\u0107 \u015bwiadomo\u015b\u0107, zapewnia\u0107 zasoby i tworzy\u0107 inkluzywne przestrzenie, kt\u00f3re promuj\u0105 pozytywne rezultaty dla imigranckiej m\u0142odzie\u017cy. Zapoznaj si\u0119 z naszym zaanga\u017cowaniem w t\u0119 spraw\u0119 w ramach naszej szerszej misji w dziedzinie innowacji spo\u0142ecznych, w\u0142\u0105czenia spo\u0142ecznego i integracji.<\/p><p>Strona internetowa: <a href=\"https:\/\/nordicdiasporaforum.eu\/\">https:\/\/nordicdiasporaforum.eu\/<\/a> <\/p>\t\t\t\t\t\t\t\t<\/div>\n\t\t\t\t<\/div>\n\t\t\t\t<div class=\"elementor-element elementor-element-e765dd3 elementor-widget elementor-widget-spacer\" data-id=\"e765dd3\" data-element_type=\"widget\" data-e-type=\"widget\" data-widget_type=\"spacer.default\">\n\t\t\t\t<div class=\"elementor-widget-container\">\n\t\t\t\t\t\t\t<div class=\"elementor-spacer\">\n\t\t\t<div class=\"elementor-spacer-inner\"><\/div>\n\t\t<\/div>\n\t\t\t\t\t\t<\/div>\n\t\t\t\t<\/div>\n\t\t\t\t\t<\/div>\n\t\t\t\t<\/div>\n\t\t\t\t<\/div>\n\t\t","protected":false},"excerpt":{"rendered":"<p>Jeste\u015bmy sz\u00f3stk\u0105 Partner\u00f3w z 6 kraj\u00f3w UE! Koordynator projektu ARTEMISSZI\u00d3 ALAP\u00cdTV\u00c1NY \u2013 W\u0119gry | artemisszio.hu Artemisszi\u00f3 zosta\u0142a za\u0142o\u017cona w 1998 roku jako fundacja charytatywna z siedzib\u0105 w Budapeszcie na W\u0119grzech. Wierzymy w otwarte, tolerancyjne spo\u0142ecze\u0144stwo, w kt\u00f3rym osoby znajduj\u0105ce si\u0119 w niekorzystnej sytuacji otrzymuj\u0105 szanse, a wielokulturowo\u015b\u0107 jest ceniona. Wiemy, \u017ce w obecnym zglobalizowanym \u015bwiecie&hellip;&nbsp;<a href=\"https:\/\/mindfulness.erasmus.site\/pl\/partnership\/\" rel=\"bookmark\">Dowiedz si\u0119 wi\u0119cej &raquo;<span class=\"screen-reader-text\">Partnerzy<\/span><\/a><\/p>\n","protected":false},"author":1,"featured_media":0,"parent":0,"menu_order":0,"comment_status":"closed","ping_status":"closed","template":"","meta":{"neve_meta_sidebar":"","neve_meta_container":"","neve_meta_enable_content_width":"off","neve_meta_content_width":100,"neve_meta_title_alignment":"","neve_meta_author_avatar":"","neve_post_elements_order":"","neve_meta_disable_header":"","neve_meta_disable_footer":"","neve_meta_disable_title":"","footnotes":""},"class_list":["post-52","page","type-page","status-publish","hentry"],"_links":{"self":[{"href":"https:\/\/mindfulness.erasmus.site\/pl\/wp-json\/wp\/v2\/pages\/52","targetHints":{"allow":["GET"]}}],"collection":[{"href":"https:\/\/mindfulness.erasmus.site\/pl\/wp-json\/wp\/v2\/pages"}],"about":[{"href":"https:\/\/mindfulness.erasmus.site\/pl\/wp-json\/wp\/v2\/types\/page"}],"author":[{"embeddable":true,"href":"https:\/\/mindfulness.erasmus.site\/pl\/wp-json\/wp\/v2\/users\/1"}],"replies":[{"embeddable":true,"href":"https:\/\/mindfulness.erasmus.site\/pl\/wp-json\/wp\/v2\/comments?post=52"}],"version-history":[{"count":161,"href":"https:\/\/mindfulness.erasmus.site\/pl\/wp-json\/wp\/v2\/pages\/52\/revisions"}],"predecessor-version":[{"id":1066,"href":"https:\/\/mindfulness.erasmus.site\/pl\/wp-json\/wp\/v2\/pages\/52\/revisions\/1066"}],"wp:attachment":[{"href":"https:\/\/mindfulness.erasmus.site\/pl\/wp-json\/wp\/v2\/media?parent=52"}],"curies":[{"name":"wp","href":"https:\/\/api.w.org\/{rel}","templated":true}]}}